{"id":38,"date":"2022-09-14T23:27:14","date_gmt":"2022-09-14T23:27:14","guid":{"rendered":"https:\/\/xn--albrecht-kunststoffbehlterbau-mqc.de\/?page_id=38"},"modified":"2023-01-08T18:42:49","modified_gmt":"2023-01-08T18:42:49","slug":"unsere-leistungen","status":"publish","type":"page","link":"https:\/\/xn--albrecht-kunststoffbehlterbau-mqc.de\/index.php\/unsere-leistungen\/","title":{"rendered":"Unsere Leistungen"},"content":{"rendered":"\n<p><\/p>\n\n\n\n<div class=\"wp-block-group alignfull has-background\" style=\"background-color:#f8f4e4\"><div class=\"wp-block-group__inner-container is-layout-flow wp-block-group-is-layout-flow\">\n<div class=\"wp-block-columns alignwide is-layout-flex wp-container-core-columns-is-layout-9d6595d7 wp-block-columns-is-layout-flex\">\n<div class=\"wp-block-column is-layout-flow wp-block-column-is-layout-flow\">\n<p class=\"has-text-align-center has-luminous-vivid-amber-color has-text-color has-large-font-size\" style=\"font-style:normal;font-weight:800\"><strong>Unsere Kernkompetenz <\/strong><br><strong>liegt im Bereich<\/strong><br><\/p>\n\n\n\n<p class=\"has-text-align-center has-luminous-vivid-amber-color has-text-color has-medium-font-size\">Frischwasserbeh\u00e4lter<\/p>\n\n\n\n<p class=\"has-text-align-center has-luminous-vivid-amber-color has-text-color has-medium-font-size\">Grauwasserbeh\u00e4lter<br><br>Schwarzwasserbeh\u00e4lter<br><br>Dieseltanks<br><br>Duschtassen<\/p>\n\n\n\n<div style=\"height:5px\" aria-hidden=\"true\" class=\"wp-block-spacer\"><\/div>\n<\/div>\n<\/div>\n<\/div><\/div>\n\n\n\n<p class=\"has-text-align-center has-medium-font-size\"><\/p>\n\n\n\n<p class=\"has-text-align-center has-medium-font-size\"><\/p>\n\n\n\n<hr class=\"wp-block-separator has-alpha-channel-opacity\"\/>\n\n\n\n<p><\/p>\n\n\n\n<div class=\"wp-block-media-text alignwide is-stacked-on-mobile\"><figure class=\"wp-block-media-text__media\"><img data-recalc-dims=\"1\" loading=\"lazy\" decoding=\"async\" width=\"525\" height=\"700\" src=\"https:\/\/i0.wp.com\/xn--albrecht-kunststoffbehlterbau-mqc.de\/wp-content\/uploads\/2023\/01\/PHOTO-2022-09-14-14-41-20-5-768x1024-1.jpg?resize=525%2C700&#038;ssl=1\" alt=\"\" class=\"wp-image-861 size-full\" srcset=\"https:\/\/i0.wp.com\/xn--albrecht-kunststoffbehlterbau-mqc.de\/wp-content\/uploads\/2023\/01\/PHOTO-2022-09-14-14-41-20-5-768x1024-1.jpg?w=768&amp;ssl=1 768w, https:\/\/i0.wp.com\/xn--albrecht-kunststoffbehlterbau-mqc.de\/wp-content\/uploads\/2023\/01\/PHOTO-2022-09-14-14-41-20-5-768x1024-1.jpg?resize=225%2C300&amp;ssl=1 225w\" sizes=\"auto, (max-width: 767px) 89vw, (max-width: 1000px) 54vw, (max-width: 1071px) 543px, 580px\" \/><\/figure><div class=\"wp-block-media-text__content\">\n<p><\/p>\n\n\n\n<p><\/p>\n\n\n\n<p class=\"has-text-align-center\"><strong>Frischwasserbeh\u00e4lter<\/strong><\/p>\n<\/div><\/div>\n\n\n\n<p><\/p>\n\n\n\n<div class=\"wp-block-media-text alignwide has-media-on-the-right is-stacked-on-mobile\"><div class=\"wp-block-media-text__content\">\n<p class=\"has-text-align-center\"><strong>Grauwasserbeh\u00e4lter<\/strong><\/p>\n<\/div><figure class=\"wp-block-media-text__media\"><img data-recalc-dims=\"1\" loading=\"lazy\" decoding=\"async\" width=\"525\" height=\"230\" src=\"https:\/\/i0.wp.com\/xn--albrecht-kunststoffbehlterbau-mqc.de\/wp-content\/uploads\/2023\/01\/PHOTO-2022-09-14-14-36-51-5-1024x448-1.jpg?resize=525%2C230&#038;ssl=1\" alt=\"\" class=\"wp-image-856 size-full\" srcset=\"https:\/\/i0.wp.com\/xn--albrecht-kunststoffbehlterbau-mqc.de\/wp-content\/uploads\/2023\/01\/PHOTO-2022-09-14-14-36-51-5-1024x448-1.jpg?w=1024&amp;ssl=1 1024w, https:\/\/i0.wp.com\/xn--albrecht-kunststoffbehlterbau-mqc.de\/wp-content\/uploads\/2023\/01\/PHOTO-2022-09-14-14-36-51-5-1024x448-1.jpg?resize=300%2C131&amp;ssl=1 300w, https:\/\/i0.wp.com\/xn--albrecht-kunststoffbehlterbau-mqc.de\/wp-content\/uploads\/2023\/01\/PHOTO-2022-09-14-14-36-51-5-1024x448-1.jpg?resize=768%2C336&amp;ssl=1 768w\" sizes=\"auto, (max-width: 767px) 89vw, (max-width: 1000px) 54vw, (max-width: 1071px) 543px, 580px\" \/><\/figure><\/div>\n\n\n\n<p><\/p>\n\n\n\n<div class=\"wp-block-media-text alignwide is-stacked-on-mobile is-vertically-aligned-center\"><figure class=\"wp-block-media-text__media\"><img data-recalc-dims=\"1\" loading=\"lazy\" decoding=\"async\" width=\"525\" height=\"491\" src=\"https:\/\/i0.wp.com\/xn--albrecht-kunststoffbehlterbau-mqc.de\/wp-content\/uploads\/2023\/01\/PHOTO-2022-09-14-14-39-06-7-576x1024-1.jpg?resize=525%2C491&#038;ssl=1\" alt=\"\" class=\"wp-image-859 size-full\" srcset=\"https:\/\/i0.wp.com\/xn--albrecht-kunststoffbehlterbau-mqc.de\/wp-content\/uploads\/2023\/01\/PHOTO-2022-09-14-14-39-06-7-576x1024-1.jpg?w=576&amp;ssl=1 576w, https:\/\/i0.wp.com\/xn--albrecht-kunststoffbehlterbau-mqc.de\/wp-content\/uploads\/2023\/01\/PHOTO-2022-09-14-14-39-06-7-576x1024-1.jpg?resize=300%2C281&amp;ssl=1 300w\" sizes=\"auto, (max-width: 525px) 100vw, 525px\" \/><\/figure><div class=\"wp-block-media-text__content\">\n<p><\/p>\n\n\n\n<p><\/p>\n\n\n\n<p class=\"has-text-align-center has-medium-font-size\"><strong>Dieseltank<\/strong><\/p>\n<\/div><\/div>\n\n\n\n<p><\/p>\n\n\n\n<div class=\"wp-block-media-text alignwide has-media-on-the-right is-stacked-on-mobile\"><div class=\"wp-block-media-text__content\">\n<p class=\"has-text-align-center\"><strong>Schwarzwasserbeh\u00e4lter<\/strong><\/p>\n<\/div><figure class=\"wp-block-media-text__media\"><img data-recalc-dims=\"1\" loading=\"lazy\" decoding=\"async\" width=\"525\" height=\"243\" src=\"https:\/\/i0.wp.com\/xn--albrecht-kunststoffbehlterbau-mqc.de\/wp-content\/uploads\/2023\/01\/PHOTO-2022-09-14-14-41-17-2-1024x768-1.jpg?resize=525%2C243&#038;ssl=1\" alt=\"\" class=\"wp-image-860 size-full\" srcset=\"https:\/\/i0.wp.com\/xn--albrecht-kunststoffbehlterbau-mqc.de\/wp-content\/uploads\/2023\/01\/PHOTO-2022-09-14-14-41-17-2-1024x768-1.jpg?w=991&amp;ssl=1 991w, https:\/\/i0.wp.com\/xn--albrecht-kunststoffbehlterbau-mqc.de\/wp-content\/uploads\/2023\/01\/PHOTO-2022-09-14-14-41-17-2-1024x768-1.jpg?resize=300%2C139&amp;ssl=1 300w, https:\/\/i0.wp.com\/xn--albrecht-kunststoffbehlterbau-mqc.de\/wp-content\/uploads\/2023\/01\/PHOTO-2022-09-14-14-41-17-2-1024x768-1.jpg?resize=768%2C356&amp;ssl=1 768w\" sizes=\"auto, (max-width: 767px) 89vw, (max-width: 1000px) 54vw, (max-width: 1071px) 543px, 580px\" \/><\/figure><\/div>\n\n\n\n<p><\/p>\n\n\n\n<div class=\"wp-block-media-text alignwide is-stacked-on-mobile\"><figure class=\"wp-block-media-text__media\"><img data-recalc-dims=\"1\" loading=\"lazy\" decoding=\"async\" width=\"525\" height=\"449\" src=\"https:\/\/i0.wp.com\/xn--albrecht-kunststoffbehlterbau-mqc.de\/wp-content\/uploads\/2023\/01\/PHOTO-2022-09-14-14-36-52-12-1024x768-1.jpg?resize=525%2C449&#038;ssl=1\" alt=\"\" class=\"wp-image-858 size-full\" srcset=\"https:\/\/i0.wp.com\/xn--albrecht-kunststoffbehlterbau-mqc.de\/wp-content\/uploads\/2023\/01\/PHOTO-2022-09-14-14-36-52-12-1024x768-1.jpg?w=810&amp;ssl=1 810w, https:\/\/i0.wp.com\/xn--albrecht-kunststoffbehlterbau-mqc.de\/wp-content\/uploads\/2023\/01\/PHOTO-2022-09-14-14-36-52-12-1024x768-1.jpg?resize=300%2C256&amp;ssl=1 300w, https:\/\/i0.wp.com\/xn--albrecht-kunststoffbehlterbau-mqc.de\/wp-content\/uploads\/2023\/01\/PHOTO-2022-09-14-14-36-52-12-1024x768-1.jpg?resize=768%2C656&amp;ssl=1 768w\" sizes=\"auto, (max-width: 767px) 89vw, (max-width: 1000px) 54vw, (max-width: 1071px) 543px, 580px\" \/><\/figure><div class=\"wp-block-media-text__content\">\n<p class=\"has-text-align-center\"><strong>Duschtassen<\/strong><\/p>\n<\/div><\/div>\n\n\n\n<p><\/p>\n\n\n\n<div class=\"wp-block-media-text alignwide has-media-on-the-right is-stacked-on-mobile\"><div class=\"wp-block-media-text__content\">\n<p><strong>Staubox mit integrierten Tank<\/strong><\/p>\n<\/div><figure class=\"wp-block-media-text__media\"><img data-recalc-dims=\"1\" loading=\"lazy\" decoding=\"async\" width=\"525\" height=\"420\" src=\"https:\/\/i0.wp.com\/xn--albrecht-kunststoffbehlterbau-mqc.de\/wp-content\/uploads\/2023\/01\/PHOTO-2022-09-14-14-36-52-4-1024x768-1.jpg?resize=525%2C420&#038;ssl=1\" alt=\"\" class=\"wp-image-857 size-full\" srcset=\"https:\/\/i0.wp.com\/xn--albrecht-kunststoffbehlterbau-mqc.de\/wp-content\/uploads\/2023\/01\/PHOTO-2022-09-14-14-36-52-4-1024x768-1.jpg?w=929&amp;ssl=1 929w, https:\/\/i0.wp.com\/xn--albrecht-kunststoffbehlterbau-mqc.de\/wp-content\/uploads\/2023\/01\/PHOTO-2022-09-14-14-36-52-4-1024x768-1.jpg?resize=300%2C240&amp;ssl=1 300w, https:\/\/i0.wp.com\/xn--albrecht-kunststoffbehlterbau-mqc.de\/wp-content\/uploads\/2023\/01\/PHOTO-2022-09-14-14-36-52-4-1024x768-1.jpg?resize=768%2C614&amp;ssl=1 768w\" sizes=\"auto, (max-width: 767px) 89vw, (max-width: 1000px) 54vw, (max-width: 1071px) 543px, 580px\" \/><\/figure><\/div>\n","protected":false},"excerpt":{"rendered":"<p>Unsere Kernkompetenz liegt im Bereich Frischwasserbeh\u00e4lter Grauwasserbeh\u00e4lter Schwarzwasserbeh\u00e4lter Dieseltanks Duschtassen Frischwasserbeh\u00e4lter Grauwasserbeh\u00e4lter Dieseltank Schwarzwasserbeh\u00e4lter Duschtassen Staubox mit integrierten Tank<\/p>\n","protected":false},"author":1,"featured_media":564,"parent":0,"menu_order":0,"comment_status":"closed","ping_status":"closed","template":"","meta":{"footnotes":""},"class_list":["post-38","page","type-page","status-publish","has-post-thumbnail","hentry"],"jetpack-related-posts":[],"jetpack_sharing_enabled":true,"_links":{"self":[{"href":"https:\/\/xn--albrecht-kunststoffbehlterbau-mqc.de\/index.php\/wp-json\/wp\/v2\/pages\/38","targetHints":{"allow":["GET"]}}],"collection":[{"href":"https:\/\/xn--albrecht-kunststoffbehlterbau-mqc.de\/index.php\/wp-json\/wp\/v2\/pages"}],"about":[{"href":"https:\/\/xn--albrecht-kunststoffbehlterbau-mqc.de\/index.php\/wp-json\/wp\/v2\/types\/page"}],"author":[{"embeddable":true,"href":"https:\/\/xn--albrecht-kunststoffbehlterbau-mqc.de\/index.php\/wp-json\/wp\/v2\/users\/1"}],"replies":[{"embeddable":true,"href":"https:\/\/xn--albrecht-kunststoffbehlterbau-mqc.de\/index.php\/wp-json\/wp\/v2\/comments?post=38"}],"version-history":[{"count":0,"href":"https:\/\/xn--albrecht-kunststoffbehlterbau-mqc.de\/index.php\/wp-json\/wp\/v2\/pages\/38\/revisions"}],"wp:featuredmedia":[{"embeddable":true,"href":"https:\/\/xn--albrecht-kunststoffbehlterbau-mqc.de\/index.php\/wp-json\/wp\/v2\/media\/564"}],"wp:attachment":[{"href":"https:\/\/xn--albrecht-kunststoffbehlterbau-mqc.de\/index.php\/wp-json\/wp\/v2\/media?parent=38"}],"curies":[{"name":"wp","href":"https:\/\/api.w.org\/{rel}","templated":true}]}}